{"id":25,"date":"2025-10-17T20:57:21","date_gmt":"2025-10-17T20:57:21","guid":{"rendered":"https:\/\/plantasyhortalizasurruchi.com\/?page_id=25"},"modified":"2025-10-17T21:58:56","modified_gmt":"2025-10-17T21:58:56","slug":"aviso-legal","status":"publish","type":"page","link":"https:\/\/plantasyhortalizasurruchi.com\/en\/aviso-legal\/","title":{"rendered":"Aviso legal"},"content":{"rendered":"<h2 class=\"wp-block-heading\">1. Datos identificativos<\/h2>\n\n\n\n<p>En cumplimiento con el deber de informaci\u00f3n establecido en la Ley 34\/2002, de 11 de julio, de <strong>Servicios de la Sociedad de la Informaci\u00f3n y del Comercio Electr\u00f3nico (LSSI-CE)<\/strong>, se facilita la siguiente informaci\u00f3n sobre el titular de este sitio web:<\/p>\n\n\n\n<p><strong>Titular:<\/strong> Jos\u00e9 Luis Urruchi Barr\u00f3n<br><strong>NIF:<\/strong> 13296112L<br><strong>Domicilio:<\/strong> Calle Montellano n\u00ba 52, 09540 Trespaderne (Burgos), Espa\u00f1a<br><strong>Correo electr\u00f3nico de contacto:<\/strong> <a>contacto@plantasyhortalizasurruchi.com<\/a><br><strong>Sitio web:<\/strong> <a href=\"https:\/\/plantasyhortalizasurruchi.com\/en\/\">https:\/\/plantasyhortalizasurruchi.com<\/a><\/p>\n\n\n\n<hr class=\"wp-block-separator has-alpha-channel-opacity\"\/>\n\n\n\n<h2 class=\"wp-block-heading\">2. Objeto<\/h2>\n\n\n\n<p>El presente <strong>Aviso Legal<\/strong> regula el acceso, navegaci\u00f3n y uso del sitio web <strong><a href=\"https:\/\/plantasyhortalizasurruchi.com\/en\/\">https:\/\/plantasyhortalizasurruchi.com<\/a><\/strong> (en adelante, \u201cel sitio web\u201d), as\u00ed como las responsabilidades derivadas de la utilizaci\u00f3n de sus contenidos, textos, im\u00e1genes, productos o servicios.<\/p>\n\n\n\n<p>El acceso y uso de este sitio web atribuye la condici\u00f3n de <strong>usuario<\/strong>, e implica la aceptaci\u00f3n plena y sin reservas de todas las disposiciones incluidas en este Aviso Legal, la <strong>Pol\u00edtica de Privacidad<\/strong> y la <strong>Pol\u00edtica de Cookies<\/strong>.<\/p>\n\n\n\n<hr class=\"wp-block-separator has-alpha-channel-opacity\"\/>\n\n\n\n<h2 class=\"wp-block-heading\">3. Condiciones de uso<\/h2>\n\n\n\n<p>El usuario se compromete a utilizar el sitio web y todos sus contenidos de conformidad con la ley, la moral, el orden p\u00fablico y las presentes condiciones.<br>Asimismo, se obliga a no emplear este sitio web con fines il\u00edcitos o lesivos, ni de forma que pueda da\u00f1ar, inutilizar o sobrecargar el portal o impedir su uso normal por otros usuarios.<\/p>\n\n\n\n<p>El titular se reserva el derecho a modificar en cualquier momento la presentaci\u00f3n, configuraci\u00f3n y contenido del sitio web, as\u00ed como las condiciones requeridas para su acceso y\/o utilizaci\u00f3n.<\/p>\n\n\n\n<hr class=\"wp-block-separator has-alpha-channel-opacity\"\/>\n\n\n\n<h2 class=\"wp-block-heading\">4. Propiedad intelectual e industrial<\/h2>\n\n\n\n<p>Todos los contenidos de este sitio web (textos, im\u00e1genes, fotograf\u00edas, logotipos, marcas, combinaciones de colores, estructura, dise\u00f1o, etc.) son propiedad exclusiva de <strong>Jos\u00e9 Luis Urruchi Barr\u00f3n<\/strong>, o bien se utilizan con la debida autorizaci\u00f3n de sus titulares.<\/p>\n\n\n\n<p>Queda expresamente prohibida la reproducci\u00f3n, distribuci\u00f3n, comunicaci\u00f3n p\u00fablica, transformaci\u00f3n o cualquier otra forma de explotaci\u00f3n de los contenidos sin la autorizaci\u00f3n previa y por escrito del titular.<\/p>\n\n\n\n<p>El usuario se compromete a respetar los derechos de propiedad intelectual e industrial del titular, pudiendo visualizar los elementos del sitio web \u00fanicamente para su uso personal y privado.<\/p>\n\n\n\n<hr class=\"wp-block-separator has-alpha-channel-opacity\"\/>\n\n\n\n<h2 class=\"wp-block-heading\">5. Enlaces externos<\/h2>\n\n\n\n<p>Este sitio web puede incluir enlaces a sitios web de terceros.<br><strong>Jos\u00e9 Luis Urruchi Barr\u00f3n<\/strong> no se responsabiliza del contenido, informaciones o servicios que puedan aparecer en dichos sitios, ya que no ejerce control alguno sobre ellos.<br>La inclusi\u00f3n de estos enlaces no implica relaci\u00f3n, aprobaci\u00f3n ni respaldo alguno entre el titular y las personas o entidades titulares de los sitios enlazados.<\/p>\n\n\n\n<hr class=\"wp-block-separator has-alpha-channel-opacity\"\/>\n\n\n\n<h2 class=\"wp-block-heading\">6. Responsabilidad<\/h2>\n\n\n\n<p>El titular no garantiza la disponibilidad continua ni la ausencia de errores en el acceso al sitio web, aunque realizar\u00e1 todos los esfuerzos necesarios para asegurar el correcto funcionamiento del mismo.<br>Tampoco se hace responsable de los da\u00f1os que puedan derivarse de interferencias, interrupciones, virus inform\u00e1ticos o cualquier otra causa ajena a su control.<\/p>\n\n\n\n<p>El uso que el usuario haga del sitio web y de la informaci\u00f3n contenida en \u00e9l se realiza bajo su propia responsabilidad.<\/p>\n\n\n\n<hr class=\"wp-block-separator has-alpha-channel-opacity\"\/>\n\n\n\n<h2 class=\"wp-block-heading\">7. Protecci\u00f3n de datos personales<\/h2>\n\n\n\n<p>El tratamiento de los datos personales que se recaben a trav\u00e9s de este sitio web se regir\u00e1 por lo dispuesto en la <strong>Pol\u00edtica de Privacidad<\/strong>, que el usuario puede consultar en el enlace correspondiente dentro del portal.<\/p>\n\n\n\n<hr class=\"wp-block-separator has-alpha-channel-opacity\"\/>\n\n\n\n<h2 class=\"wp-block-heading\">8. Uso de cookies<\/h2>\n\n\n\n<p>El sitio web utiliza cookies t\u00e9cnicas y de an\u00e1lisis para mejorar la experiencia del usuario.<br>Para m\u00e1s informaci\u00f3n, el usuario puede consultar la <strong>Pol\u00edtica de Cookies<\/strong>.<\/p>\n\n\n\n<hr class=\"wp-block-separator has-alpha-channel-opacity\"\/>\n\n\n\n<h2 class=\"wp-block-heading\">9. Legislaci\u00f3n aplicable y jurisdicci\u00f3n<\/h2>\n\n\n\n<p>El presente aviso legal se rige \u00edntegramente por la legislaci\u00f3n espa\u00f1ola.<br>Para la resoluci\u00f3n de cualquier controversia o cuesti\u00f3n relacionada con este sitio web o las actividades desarrolladas en \u00e9l, ser\u00e1n competentes los <strong>Juzgados y Tribunales de Burgos<\/strong>, renunciando expresamente el usuario a cualquier otro fuero que pudiera corresponderle.<\/p>","protected":false},"excerpt":{"rendered":"<p>1. Datos identificativos En cumplimiento con el deber de informaci\u00f3n establecido en la Ley 34\/2002, de 11 de julio, de Servicios de la Sociedad de la Informaci\u00f3n y del Comercio Electr\u00f3nico (LSSI-CE), se facilita la siguiente informaci\u00f3n sobre el titular de este sitio web: Titular: Jos\u00e9 Luis Urruchi Barr\u00f3nNIF: 13296112LDomicilio: Calle Montellano n\u00ba 52, 09540 [&hellip;]<\/p>","protected":false},"author":2,"featured_media":0,"parent":0,"menu_order":0,"comment_status":"closed","ping_status":"closed","template":"","meta":{"footnotes":""},"class_list":["post-25","page","type-page","status-publish","hentry"],"_links":{"self":[{"href":"https:\/\/plantasyhortalizasurruchi.com\/en\/wp-json\/wp\/v2\/pages\/25","targetHints":{"allow":["GET"]}}],"collection":[{"href":"https:\/\/plantasyhortalizasurruchi.com\/en\/wp-json\/wp\/v2\/pages"}],"about":[{"href":"https:\/\/plantasyhortalizasurruchi.com\/en\/wp-json\/wp\/v2\/types\/page"}],"author":[{"embeddable":true,"href":"https:\/\/plantasyhortalizasurruchi.com\/en\/wp-json\/wp\/v2\/users\/2"}],"replies":[{"embeddable":true,"href":"https:\/\/plantasyhortalizasurruchi.com\/en\/wp-json\/wp\/v2\/comments?post=25"}],"version-history":[{"count":2,"href":"https:\/\/plantasyhortalizasurruchi.com\/en\/wp-json\/wp\/v2\/pages\/25\/revisions"}],"predecessor-version":[{"id":133,"href":"https:\/\/plantasyhortalizasurruchi.com\/en\/wp-json\/wp\/v2\/pages\/25\/revisions\/133"}],"wp:attachment":[{"href":"https:\/\/plantasyhortalizasurruchi.com\/en\/wp-json\/wp\/v2\/media?parent=25"}],"curies":[{"name":"wp","href":"https:\/\/api.w.org\/{rel}","templated":true}]}}