{"id":23,"date":"2025-10-17T20:57:05","date_gmt":"2025-10-17T20:57:05","guid":{"rendered":"https:\/\/plantasyhortalizasurruchi.com\/?page_id=23"},"modified":"2025-10-17T21:49:57","modified_gmt":"2025-10-17T21:49:57","slug":"politica-de-privacidad","status":"publish","type":"page","link":"https:\/\/plantasyhortalizasurruchi.com\/en\/politica-de-privacidad\/","title":{"rendered":"Pol\u00edtica de privacidad"},"content":{"rendered":"<h2 class=\"wp-block-heading\">1. Identificaci\u00f3n del responsable del tratamiento<\/h2>\n\n\n\n<p>En cumplimiento de lo dispuesto en el Reglamento (UE) 2016\/679 del Parlamento Europeo y del Consejo (RGPD), as\u00ed como en la Ley Org\u00e1nica 3\/2018 de Protecci\u00f3n de Datos Personales y garant\u00eda de los derechos digitales (LOPDGDD), se informa al usuario de que los datos personales recabados a trav\u00e9s de este sitio web ser\u00e1n tratados conforme a la presente pol\u00edtica de privacidad.<\/p>\n\n\n\n<p><strong>Responsable del tratamiento:<\/strong><br><strong>Nombre:<\/strong> Jos\u00e9 Luis Urruchi Barr\u00f3n<br><strong>NIF:<\/strong> 13296112L<br><strong>Direcci\u00f3n:<\/strong> Calle Montellano n\u00ba 52, 09540 Trespaderne (Burgos)<br><strong>Correo electr\u00f3nico:<\/strong> <a>contacto@plantasyhortalizasurruchi.com<\/a><br><strong>Sitio web:<\/strong> https:\/\/plantasyhortalizasurruchi.com<\/p>\n\n\n\n<hr class=\"wp-block-separator has-alpha-channel-opacity\"\/>\n\n\n\n<h2 class=\"wp-block-heading\">2. Finalidad del tratamiento de los datos<\/h2>\n\n\n\n<p>Los datos personales facilitados por los usuarios a trav\u00e9s de los formularios de contacto o por correo electr\u00f3nico ser\u00e1n tratados con las siguientes finalidades:<\/p>\n\n\n\n<ul class=\"wp-block-list\">\n<li>Atender las consultas, solicitudes o peticiones realizadas por los usuarios.<\/li>\n\n\n\n<li>Gestionar la relaci\u00f3n comercial o informativa con los interesados.<\/li>\n\n\n\n<li>Mantener el funcionamiento t\u00e9cnico del sitio web y su seguridad.<\/li>\n\n\n\n<li>Analizar el tr\u00e1fico y rendimiento del sitio mediante herramientas como <strong>Google Search Console<\/strong>, con el fin de mejorar la visibilidad y el posicionamiento web.<\/li>\n<\/ul>\n\n\n\n<p>Los datos no se utilizar\u00e1n para fines distintos a los mencionados sin el consentimiento previo del usuario.<\/p>\n\n\n\n<hr class=\"wp-block-separator has-alpha-channel-opacity\"\/>\n\n\n\n<h2 class=\"wp-block-heading\">3. Legitimaci\u00f3n para el tratamiento<\/h2>\n\n\n\n<p>La base legal para el tratamiento de los datos es el <strong>consentimiento del usuario<\/strong>, otorgado al contactar con nosotros o enviar cualquier formulario a trav\u00e9s de esta web.<br>En determinados casos, el tratamiento puede basarse tambi\u00e9n en la <strong>ejecuci\u00f3n de un contrato<\/strong> o en el <strong>inter\u00e9s leg\u00edtimo<\/strong> del responsable para mantener la seguridad y el correcto funcionamiento del sitio.<\/p>\n\n\n\n<hr class=\"wp-block-separator has-alpha-channel-opacity\"\/>\n\n\n\n<h2 class=\"wp-block-heading\">4. Conservaci\u00f3n de los datos<\/h2>\n\n\n\n<p>Los datos personales se conservar\u00e1n durante el tiempo necesario para cumplir la finalidad con la que fueron recabados y mientras exista una relaci\u00f3n entre el usuario y el responsable.<br>Una vez finalizada dicha relaci\u00f3n, los datos se conservar\u00e1n bloqueados durante los plazos legales exigidos o hasta que el usuario solicite su supresi\u00f3n.<\/p>\n\n\n\n<hr class=\"wp-block-separator has-alpha-channel-opacity\"\/>\n\n\n\n<h2 class=\"wp-block-heading\">5. Comunicaci\u00f3n de datos a terceros<\/h2>\n\n\n\n<p>No se ceder\u00e1n datos personales a terceros, salvo obligaci\u00f3n legal o cuando sea necesario para la prestaci\u00f3n de un servicio relacionado con el mantenimiento o an\u00e1lisis del sitio web (por ejemplo, Google Search Console).<br>En estos casos, se adoptar\u00e1n las medidas necesarias para garantizar la confidencialidad y seguridad de la informaci\u00f3n.<\/p>\n\n\n\n<hr class=\"wp-block-separator has-alpha-channel-opacity\"\/>\n\n\n\n<h2 class=\"wp-block-heading\">6. Derechos de los usuarios<\/h2>\n\n\n\n<p>Cualquier persona tiene derecho a:<\/p>\n\n\n\n<ul class=\"wp-block-list\">\n<li><strong>Acceder<\/strong> a sus datos personales.<\/li>\n\n\n\n<li><strong>Rectificar<\/strong> los datos inexactos o incompletos.<\/li>\n\n\n\n<li><strong>Suprimir<\/strong> sus datos cuando ya no sean necesarios o se retire el consentimiento.<\/li>\n\n\n\n<li><strong>Limitar<\/strong> el tratamiento de sus datos en determinadas circunstancias.<\/li>\n\n\n\n<li><strong>Oponerse<\/strong> al tratamiento de sus datos por motivos relacionados con su situaci\u00f3n particular.<\/li>\n\n\n\n<li><strong>Solicitar la portabilidad<\/strong> de sus datos a otro responsable del tratamiento.<\/li>\n<\/ul>\n\n\n\n<p>Para ejercer estos derechos, puede enviar una solicitud por escrito a:<\/p>\n\n\n\n<p><strong>Jos\u00e9 Luis Urruchi Barr\u00f3n<\/strong><br>Calle Montellano n\u00ba 52, 09540 Trespaderne (Burgos)<br>o mediante correo electr\u00f3nico a <strong><a>contacto@plantasyhortalizasurruchi.com<\/a><\/strong>, indicando claramente el derecho que desea ejercer y adjuntando una copia de su documento de identidad.<\/p>\n\n\n\n<p>Asimismo, si considera que sus derechos no han sido respetados, puede presentar una reclamaci\u00f3n ante la <strong>Agencia Espa\u00f1ola de Protecci\u00f3n de Datos (AEPD)<\/strong> en <a>www.aepd.es<\/a>.<\/p>\n\n\n\n<hr class=\"wp-block-separator has-alpha-channel-opacity\"\/>\n\n\n\n<h2 class=\"wp-block-heading\">7. Seguridad de los datos<\/h2>\n\n\n\n<p><strong>Plantas y Hortalizas Urruchi<\/strong> aplica las medidas t\u00e9cnicas y organizativas necesarias para garantizar la seguridad de los datos personales y evitar su p\u00e9rdida, alteraci\u00f3n o acceso no autorizado, de acuerdo con lo establecido por la normativa vigente.<\/p>\n\n\n\n<hr class=\"wp-block-separator has-alpha-channel-opacity\"\/>\n\n\n\n<h2 class=\"wp-block-heading\">8. Navegaci\u00f3n y herramientas de an\u00e1lisis<\/h2>\n\n\n\n<p>El sitio web utiliza <strong>Google Search Console<\/strong>, una herramienta gratuita de Google que permite analizar el rendimiento del sitio en los resultados de b\u00fasqueda.<br>Esta herramienta no recopila datos personales identificables, sino informaci\u00f3n agregada sobre el tr\u00e1fico, las consultas y la visibilidad del sitio.<br>Para m\u00e1s informaci\u00f3n sobre c\u00f3mo Google trata los datos, puedes consultar su pol\u00edtica de privacidad: <a>https:\/\/policies.google.com\/privacy<\/a>.<\/p>\n\n\n\n<hr class=\"wp-block-separator has-alpha-channel-opacity\"\/>\n\n\n\n<h2 class=\"wp-block-heading\">9. Cambios en la pol\u00edtica de privacidad<\/h2>\n\n\n\n<p>El responsable se reserva el derecho a modificar la presente pol\u00edtica de privacidad para adaptarla a futuras novedades legislativas o cambios en la gesti\u00f3n de datos.<br>Cualquier modificaci\u00f3n ser\u00e1 publicada en esta misma p\u00e1gina con la debida antelaci\u00f3n.<\/p>","protected":false},"excerpt":{"rendered":"<p>1. Identificaci\u00f3n del responsable del tratamiento En cumplimiento de lo dispuesto en el Reglamento (UE) 2016\/679 del Parlamento Europeo y del Consejo (RGPD), as\u00ed como en la Ley Org\u00e1nica 3\/2018 de Protecci\u00f3n de Datos Personales y garant\u00eda de los derechos digitales (LOPDGDD), se informa al usuario de que los datos personales recabados a trav\u00e9s de [&hellip;]<\/p>","protected":false},"author":2,"featured_media":0,"parent":0,"menu_order":0,"comment_status":"closed","ping_status":"closed","template":"","meta":{"footnotes":""},"class_list":["post-23","page","type-page","status-publish","hentry"],"_links":{"self":[{"href":"https:\/\/plantasyhortalizasurruchi.com\/en\/wp-json\/wp\/v2\/pages\/23","targetHints":{"allow":["GET"]}}],"collection":[{"href":"https:\/\/plantasyhortalizasurruchi.com\/en\/wp-json\/wp\/v2\/pages"}],"about":[{"href":"https:\/\/plantasyhortalizasurruchi.com\/en\/wp-json\/wp\/v2\/types\/page"}],"author":[{"embeddable":true,"href":"https:\/\/plantasyhortalizasurruchi.com\/en\/wp-json\/wp\/v2\/users\/2"}],"replies":[{"embeddable":true,"href":"https:\/\/plantasyhortalizasurruchi.com\/en\/wp-json\/wp\/v2\/comments?post=23"}],"version-history":[{"count":2,"href":"https:\/\/plantasyhortalizasurruchi.com\/en\/wp-json\/wp\/v2\/pages\/23\/revisions"}],"predecessor-version":[{"id":109,"href":"https:\/\/plantasyhortalizasurruchi.com\/en\/wp-json\/wp\/v2\/pages\/23\/revisions\/109"}],"wp:attachment":[{"href":"https:\/\/plantasyhortalizasurruchi.com\/en\/wp-json\/wp\/v2\/media?parent=23"}],"curies":[{"name":"wp","href":"https:\/\/api.w.org\/{rel}","templated":true}]}}