{"id":21,"date":"2025-10-17T20:56:50","date_gmt":"2025-10-17T20:56:50","guid":{"rendered":"https:\/\/plantasyhortalizasurruchi.com\/?page_id=21"},"modified":"2025-10-22T17:10:46","modified_gmt":"2025-10-22T17:10:46","slug":"sobre-nosotros","status":"publish","type":"page","link":"https:\/\/plantasyhortalizasurruchi.com\/en\/sobre-nosotros\/","title":{"rendered":"Sobre nosotros"},"content":{"rendered":"<div data-elementor-type=\"wp-page\" data-elementor-id=\"21\" class=\"elementor elementor-21\" data-elementor-post-type=\"page\">\n\t\t\t\t\t\t<section class=\"elementor-section elementor-top-section elementor-element elementor-element-6eaa1c1e elementor-reverse-tablet elementor-reverse-mobile elementor-section-boxed elementor-section-height-default elementor-section-height-default\" data-id=\"6eaa1c1e\" data-element_type=\"section\">\n\t\t\t\t\t\t<div class=\"elementor-container elementor-column-gap-wide\">\n\t\t\t\t\t<div class=\"elementor-column elementor-col-50 elementor-top-column elementor-element elementor-element-34acf5bf\" data-id=\"34acf5bf\" data-element_type=\"column\">\n\t\t\t<div class=\"elementor-widget-wrap elementor-element-populated\">\n\t\t\t\t\t\t<div class=\"elementor-element elementor-element-3b621ba9 elementor-widget elementor-widget-image\" data-id=\"3b621ba9\" data-element_type=\"widget\" data-widget_type=\"image.default\">\n\t\t\t\t\t\t\t\t\t\t\t\t\t\t\t<img fetchpriority=\"high\" decoding=\"async\" width=\"800\" height=\"600\" src=\"https:\/\/plantasyhortalizasurruchi.com\/wp-content\/uploads\/2025\/10\/WhatsApp-Image-2025-10-22-at-19.06.09-1024x768.jpeg\" class=\"attachment-large size-large wp-image-173\" alt=\"frutas y verduras urruchi\" srcset=\"https:\/\/plantasyhortalizasurruchi.com\/wp-content\/uploads\/2025\/10\/WhatsApp-Image-2025-10-22-at-19.06.09-1024x768.jpeg 1024w, https:\/\/plantasyhortalizasurruchi.com\/wp-content\/uploads\/2025\/10\/WhatsApp-Image-2025-10-22-at-19.06.09-300x225.jpeg 300w, https:\/\/plantasyhortalizasurruchi.com\/wp-content\/uploads\/2025\/10\/WhatsApp-Image-2025-10-22-at-19.06.09-768x576.jpeg 768w, https:\/\/plantasyhortalizasurruchi.com\/wp-content\/uploads\/2025\/10\/WhatsApp-Image-2025-10-22-at-19.06.09-1536x1152.jpeg 1536w, https:\/\/plantasyhortalizasurruchi.com\/wp-content\/uploads\/2025\/10\/WhatsApp-Image-2025-10-22-at-19.06.09-16x12.jpeg 16w, https:\/\/plantasyhortalizasurruchi.com\/wp-content\/uploads\/2025\/10\/WhatsApp-Image-2025-10-22-at-19.06.09.jpeg 1600w\" sizes=\"(max-width: 800px) 100vw, 800px\" \/>\t\t\t\t\t\t\t\t\t\t\t\t\t\t\t<\/div>\n\t\t\t\t<div class=\"elementor-element elementor-element-29363f59 elementor-absolute elementor-widget elementor-widget-image\" data-id=\"29363f59\" data-element_type=\"widget\" data-settings=\"{&quot;_position&quot;:&quot;absolute&quot;}\" data-widget_type=\"image.default\">\n\t\t\t\t\t\t\t\t\t\t\t\t\t\t\t<img decoding=\"async\" width=\"416\" height=\"553\" src=\"https:\/\/plantasyhortalizasurruchi.com\/wp-content\/uploads\/2025\/10\/11-1.png\" class=\"attachment-large size-large wp-image-65\" alt=\"\" srcset=\"https:\/\/plantasyhortalizasurruchi.com\/wp-content\/uploads\/2025\/10\/11-1.png 416w, https:\/\/plantasyhortalizasurruchi.com\/wp-content\/uploads\/2025\/10\/11-1-226x300.png 226w\" sizes=\"(max-width: 416px) 100vw, 416px\" \/>\t\t\t\t\t\t\t\t\t\t\t\t\t\t\t<\/div>\n\t\t\t\t\t<\/div>\n\t\t<\/div>\n\t\t\t\t<div class=\"elementor-column elementor-col-50 elementor-top-column elementor-element elementor-element-50b212f3\" data-id=\"50b212f3\" data-element_type=\"column\">\n\t\t\t<div class=\"elementor-widget-wrap elementor-element-populated\">\n\t\t\t\t\t\t<div class=\"elementor-element elementor-element-854cd6c elementor-widget elementor-widget-heading\" data-id=\"854cd6c\" data-element_type=\"widget\" data-widget_type=\"heading.default\">\n\t\t\t\t\t<div class=\"elementor-heading-title elementor-size-default\">PLANTAS Y HORTALIZAS URRUCHI<\/div>\t\t\t\t<\/div>\n\t\t\t\t<div class=\"elementor-element elementor-element-5bb26f3d elementor-widget elementor-widget-heading\" data-id=\"5bb26f3d\" data-element_type=\"widget\" data-widget_type=\"heading.default\">\n\t\t\t\t\t<h1 class=\"elementor-heading-title elementor-size-default\">SOBRE NOSOTROS<\/h1>\t\t\t\t<\/div>\n\t\t\t\t<div class=\"elementor-element elementor-element-7473fd4b elementor-widget elementor-widget-text-editor\" data-id=\"7473fd4b\" data-element_type=\"widget\" data-widget_type=\"text-editor.default\">\n\t\t\t\t\t\t\t\t\t<p>Cultivamos nuestros productos con t\u00e9cnicas tradicionales combinadas con pr\u00e1cticas modernas que permiten obtener <strong data-start=\"4766\" data-end=\"4812\">cosechas sanas, equilibradas y sostenibles<\/strong>.<br data-start=\"4813\" data-end=\"4816\" \/>En cada temporada seleccionamos cuidadosamente las variedades que mejor se adaptan al terreno y al clima de Burgos, buscando siempre el sabor, la frescura y la calidad.<br data-start=\"4984\" data-end=\"4987\" \/>No utilizamos qu\u00edmicos agresivos ni procesos industriales que alteren la esencia del producto. Preferimos el trabajo manual, la observaci\u00f3n constante y la experiencia acumulada con los a\u00f1os.<\/p>\t\t\t\t\t\t\t\t<\/div>\n\t\t\t\t<div class=\"elementor-element elementor-element-102832a0 elementor-widget elementor-widget-text-editor\" data-id=\"102832a0\" data-element_type=\"widget\" data-widget_type=\"text-editor.default\">\n\t\t\t\t\t\t\t\t\t<p data-start=\"5596\" data-end=\"5889\">En <strong data-start=\"5599\" data-end=\"5631\">Plantas y Hortalizas Urruchi<\/strong> trabajamos para que cada cliente reciba un producto fresco, cultivado con esmero y con un origen claro. Nuestra misi\u00f3n es ofrecer una alternativa m\u00e1s humana y sostenible frente a la producci\u00f3n industrial, recuperando el valor de lo aut\u00e9ntico y lo natural.<\/p><p data-start=\"5891\" data-end=\"6121\">Nos mueve la pasi\u00f3n por la tierra, la honestidad en el trabajo y la satisfacci\u00f3n de ver crecer lo que sembramos. Si compartes nuestra forma de entender la agricultura, te invitamos a conocernos y a disfrutar de nuestros productos.<\/p>\t\t\t\t\t\t\t\t<\/div>\n\t\t\t\t\t<\/div>\n\t\t<\/div>\n\t\t\t\t\t<\/div>\n\t\t<\/section>\n\t\t\t\t<\/div>","protected":false},"excerpt":{"rendered":"<p>PLANTAS Y HORTALIZAS URRUCHI SOBRE NOSOTROS Cultivamos nuestros productos con t\u00e9cnicas tradicionales combinadas con pr\u00e1cticas modernas que permiten obtener cosechas sanas, equilibradas y sostenibles.En cada temporada seleccionamos cuidadosamente las variedades que mejor se adaptan al terreno y al clima de Burgos, buscando siempre el sabor, la frescura y la calidad.No utilizamos qu\u00edmicos agresivos ni procesos [&hellip;]<\/p>","protected":false},"author":2,"featured_media":0,"parent":0,"menu_order":0,"comment_status":"closed","ping_status":"closed","template":"","meta":{"footnotes":""},"class_list":["post-21","page","type-page","status-publish","hentry"],"_links":{"self":[{"href":"https:\/\/plantasyhortalizasurruchi.com\/en\/wp-json\/wp\/v2\/pages\/21","targetHints":{"allow":["GET"]}}],"collection":[{"href":"https:\/\/plantasyhortalizasurruchi.com\/en\/wp-json\/wp\/v2\/pages"}],"about":[{"href":"https:\/\/plantasyhortalizasurruchi.com\/en\/wp-json\/wp\/v2\/types\/page"}],"author":[{"embeddable":true,"href":"https:\/\/plantasyhortalizasurruchi.com\/en\/wp-json\/wp\/v2\/users\/2"}],"replies":[{"embeddable":true,"href":"https:\/\/plantasyhortalizasurruchi.com\/en\/wp-json\/wp\/v2\/comments?post=21"}],"version-history":[{"count":10,"href":"https:\/\/plantasyhortalizasurruchi.com\/en\/wp-json\/wp\/v2\/pages\/21\/revisions"}],"predecessor-version":[{"id":183,"href":"https:\/\/plantasyhortalizasurruchi.com\/en\/wp-json\/wp\/v2\/pages\/21\/revisions\/183"}],"wp:attachment":[{"href":"https:\/\/plantasyhortalizasurruchi.com\/en\/wp-json\/wp\/v2\/media?parent=21"}],"curies":[{"name":"wp","href":"https:\/\/api.w.org\/{rel}","templated":true}]}}